{"id":2411,"date":"2024-11-14T17:04:28","date_gmt":"2024-11-14T17:04:28","guid":{"rendered":"https:\/\/tapetserarverkstad-sd.se\/?page_id=2411"},"modified":"2024-11-23T16:32:21","modified_gmt":"2024-11-23T16:32:21","slug":"partners","status":"publish","type":"page","link":"https:\/\/tapetserarverkstad-sd.se\/sv\/partners\/","title":{"rendered":"Partners och leverant\u00f6rer"},"content":{"rendered":"<div data-elementor-type=\"wp-page\" data-elementor-id=\"2411\" class=\"elementor elementor-2411\" data-elementor-post-type=\"page\">\n\t\t\t\t<div class=\"elementor-element elementor-element-44ad869 e-flex e-con-boxed e-con e-parent\" data-id=\"44ad869\" data-element_type=\"container\" data-e-type=\"container\">\n\t\t\t\t\t<div class=\"e-con-inner\">\n\t\t\t\t<div class=\"elementor-element elementor-element-ac308f0 elementor-widget elementor-widget-heading\" data-id=\"ac308f0\" data-element_type=\"widget\" data-e-type=\"widget\" data-widget_type=\"heading.default\">\n\t\t\t\t<div class=\"elementor-widget-container\">\n\t\t\t\t\t<h1 class=\"elementor-heading-title elementor-size-default\">Partner und Lieferanten<\/h1>\t\t\t\t<\/div>\n\t\t\t\t<\/div>\n\t\t\t\t\t<\/div>\n\t\t\t\t<\/div>\n\t\t<div class=\"elementor-element elementor-element-ff01a3a e-flex e-con-boxed e-con e-parent\" data-id=\"ff01a3a\" data-element_type=\"container\" data-e-type=\"container\" data-settings=\"{&quot;background_background&quot;:&quot;classic&quot;,&quot;shape_divider_top&quot;:&quot;wave-brush&quot;}\">\n\t\t\t\t\t<div class=\"e-con-inner\">\n\t\t\t\t<div class=\"elementor-shape elementor-shape-top\" aria-hidden=\"true\" data-negative=\"false\">\n\t\t\t<svg xmlns=\"http:\/\/www.w3.org\/2000\/svg\" viewbox=\"0 0 283.5 27.8\" preserveaspectratio=\"none\">\n\t<path class=\"elementor-shape-fill\" d=\"M283.5,9.7c0,0-7.3,4.3-14,4.6c-6.8,0.3-12.6,0-20.9-1.5c-11.3-2-33.1-10.1-44.7-5.7\ts-12.1,4.6-18,7.4c-6.6,3.2-20,9.6-36.6,9.3C131.6,23.5,99.5,7.2,86.3,8c-1.4,0.1-6.6,0.8-10.5,2c-3.8,1.2-9.4,3.8-17,4.7\tc-3.2,0.4-8.3,1.1-14.2,0.9c-1.5-0.1-6.3-0.4-12-1.6c-5.7-1.2-11-3.1-15.8-3.7C6.5,9.2,0,10.8,0,10.8V0h283.5V9.7z M260.8,11.3\tc-0.7-1-2-0.4-4.3-0.4c-2.3,0-6.1-1.2-5.8-1.1c0.3,0.1,3.1,1.5,6,1.9C259.7,12.2,261.4,12.3,260.8,11.3z M242.4,8.6\tc0,0-2.4-0.2-5.6-0.9c-3.2-0.8-10.3-2.8-15.1-3.5c-8.2-1.1-15.8,0-15.1,0.1c0.8,0.1,9.6-0.6,17.6,1.1c3.3,0.7,9.3,2.2,12.4,2.7\tC239.9,8.7,242.4,8.6,242.4,8.6z M185.2,8.5c1.7-0.7-13.3,4.7-18.5,6.1c-2.1,0.6-6.2,1.6-10,2c-3.9,0.4-8.9,0.4-8.8,0.5\tc0,0.2,5.8,0.8,11.2,0c5.4-0.8,5.2-1.1,7.6-1.6C170.5,14.7,183.5,9.2,185.2,8.5z M199.1,6.9c0.2,0-0.8-0.4-4.8,1.1\tc-4,1.5-6.7,3.5-6.9,3.7c-0.2,0.1,3.5-1.8,6.6-3C197,7.5,199,6.9,199.1,6.9z M283,6c-0.1,0.1-1.9,1.1-4.8,2.5s-6.9,2.8-6.7,2.7\tc0.2,0,3.5-0.6,7.4-2.5C282.8,6.8,283.1,5.9,283,6z M31.3,11.6c0.1-0.2-1.9-0.2-4.5-1.2s-5.4-1.6-7.8-2C15,7.6,7.3,8.5,7.7,8.6\tC8,8.7,15.9,8.3,20.2,9.3c2.2,0.5,2.4,0.5,5.7,1.6S31.2,11.9,31.3,11.6z M73,9.2c0.4-0.1,3.5-1.6,8.4-2.6c4.9-1.1,8.9-0.5,8.9-0.8\tc0-0.3-1-0.9-6.2-0.3S72.6,9.3,73,9.2z M71.6,6.7C71.8,6.8,75,5.4,77.3,5c2.3-0.3,1.9-0.5,1.9-0.6c0-0.1-1.1-0.2-2.7,0.2\tC74.8,5.1,71.4,6.6,71.6,6.7z M93.6,4.4c0.1,0.2,3.5,0.8,5.6,1.8c2.1,1,1.8,0.6,1.9,0.5c0.1-0.1-0.8-0.8-2.4-1.3\tC97.1,4.8,93.5,4.2,93.6,4.4z M65.4,11.1c-0.1,0.3,0.3,0.5,1.9-0.2s2.6-1.3,2.2-1.2s-0.9,0.4-2.5,0.8C65.3,10.9,65.5,10.8,65.4,11.1\tz M34.5,12.4c-0.2,0,2.1,0.8,3.3,0.9c1.2,0.1,2,0.1,2-0.2c0-0.3-0.1-0.5-1.6-0.4C36.6,12.8,34.7,12.4,34.5,12.4z M152.2,21.1\tc-0.1,0.1-2.4-0.3-7.5-0.3c-5,0-13.6-2.4-17.2-3.5c-3.6-1.1,10,3.9,16.5,4.1C150.5,21.6,152.3,21,152.2,21.1z\"\/>\n\t<path class=\"elementor-shape-fill\" d=\"M269.6,18c-0.1-0.1-4.6,0.3-7.2,0c-7.3-0.7-17-3.2-16.6-2.9c0.4,0.3,13.7,3.1,17,3.3\tC267.7,18.8,269.7,18,269.6,18z\"\/>\n\t<path class=\"elementor-shape-fill\" d=\"M227.4,9.8c-0.2-0.1-4.5-1-9.5-1.2c-5-0.2-12.7,0.6-12.3,0.5c0.3-0.1,5.9-1.8,13.3-1.2\tS227.6,9.9,227.4,9.8z\"\/>\n\t<path class=\"elementor-shape-fill\" d=\"M204.5,13.4c-0.1-0.1,2-1,3.2-1.1c1.2-0.1,2,0,2,0.3c0,0.3-0.1,0.5-1.6,0.4\tC206.4,12.9,204.6,13.5,204.5,13.4z\"\/>\n\t<path class=\"elementor-shape-fill\" d=\"M201,10.6c0-0.1-4.4,1.2-6.3,2.2c-1.9,0.9-6.2,3.1-6.1,3.1c0.1,0.1,4.2-1.6,6.3-2.6\tS201,10.7,201,10.6z\"\/>\n\t<path class=\"elementor-shape-fill\" d=\"M154.5,26.7c-0.1-0.1-4.6,0.3-7.2,0c-7.3-0.7-17-3.2-16.6-2.9c0.4,0.3,13.7,3.1,17,3.3\tC152.6,27.5,154.6,26.8,154.5,26.7z\"\/>\n\t<path class=\"elementor-shape-fill\" d=\"M41.9,19.3c0,0,1.2-0.3,2.9-0.1c1.7,0.2,5.8,0.9,8.2,0.7c4.2-0.4,7.4-2.7,7-2.6\tc-0.4,0-4.3,2.2-8.6,1.9c-1.8-0.1-5.1-0.5-6.7-0.4S41.9,19.3,41.9,19.3z\"\/>\n\t<path class=\"elementor-shape-fill\" d=\"M75.5,12.6c0.2,0.1,2-0.8,4.3-1.1c2.3-0.2,2.1-0.3,2.1-0.5c0-0.1-1.8-0.4-3.4,0\tC76.9,11.5,75.3,12.5,75.5,12.6z\"\/>\n\t<path class=\"elementor-shape-fill\" d=\"M15.6,13.2c0-0.1,4.3,0,6.7,0.5c2.4,0.5,5,1.9,5,2c0,0.1-2.7-0.8-5.1-1.4\tC19.9,13.7,15.7,13.3,15.6,13.2z\"\/>\n<\/svg>\t\t<\/div>\n\t\t\t\t<div class=\"elementor-element elementor-element-8d7a7af elementor-widget elementor-widget-spacer\" data-id=\"8d7a7af\" data-element_type=\"widget\" data-e-type=\"widget\" data-widget_type=\"spacer.default\">\n\t\t\t\t<div class=\"elementor-widget-container\">\n\t\t\t\t\t\t\t<div class=\"elementor-spacer\">\n\t\t\t<div class=\"elementor-spacer-inner\"><\/div>\n\t\t<\/div>\n\t\t\t\t\t\t<\/div>\n\t\t\t\t<\/div>\n\t\t\t\t<div class=\"elementor-element elementor-element-6ba6b3d elementor-widget elementor-widget-text-editor\" data-id=\"6ba6b3d\" data-element_type=\"widget\" data-e-type=\"widget\" data-widget_type=\"text-editor.default\">\n\t\t\t\t<div class=\"elementor-widget-container\">\n\t\t\t\t\t\t\t\t\t<p><strong>Unsere Partner und Lieferanten<\/strong><\/p>\n<p>P\u00e5 Polsterverkstad S&amp;D samarbetar vi med p\u00e5litliga partners och leverant\u00f6rer f\u00f6r att erbjuda dig de b\u00e4sta materialen och produkterna f\u00f6r v\u00e5ra stoppningsarbeten. Genom v\u00e5rt n\u00e4ra samarbete kan vi ge nytt liv \u00e5t dina m\u00f6bler, b\u00e5tar och husbilar med h\u00f6gkvalitativa l\u00f6sningar.<\/p>\n<p>Wir spezialisieren uns auf <strong>M\u00f6belrenovierung<\/strong>, <strong>Bootskissen<\/strong> und <strong>Polsterarbeiten<\/strong> und arbeiten nur mit Lieferanten, die f\u00fcr Qualit\u00e4t und Nachhaltigkeit stehen. Egal, ob du eine Umgestaltung deiner Sofa-Polsterung, neue Kissen f\u00fcr dein Boot oder ma\u00dfgeschneiderte Polsterungen f\u00fcr dein Wohnmobil ben\u00f6tigst, du kannst darauf vertrauen, dass unsere Partner die besten Materialien liefern.<\/p>\n<p>Unsere Lieferanten bieten <strong>exklusive Stoffe<\/strong> und innovative L\u00f6sungen f\u00fcr alle Arten von <strong>M\u00f6belrenovierungen<\/strong> und Polsterarbeiten, was sicherstellt, dass dein Projekt mit dem bestm\u00f6glichen Ergebnis abgeschlossen wird. Gemeinsam sorgen wir daf\u00fcr, dass deine Einrichtung \u2013 sei es M\u00f6bel oder <strong>Bootskissen<\/strong> \u2013 ein frisches und neues Aussehen erh\u00e4lt.<\/p>\n<p>Utforska g\u00e4rna v\u00e5ra partners och leverant\u00f6rer f\u00f6r att ta reda p\u00e5 mer om de material och produkter vi anv\u00e4nder i v\u00e5rt arbete.<\/p>\t\t\t\t\t\t\t\t<\/div>\n\t\t\t\t<\/div>\n\t\t\t\t\t<\/div>\n\t\t\t\t<\/div>\n\t\t<div class=\"elementor-element elementor-element-dc2f1fa e-flex e-con-boxed e-con e-parent\" data-id=\"dc2f1fa\" data-element_type=\"container\" data-e-type=\"container\" data-settings=\"{&quot;background_background&quot;:&quot;classic&quot;}\">\n\t\t\t\t\t<div class=\"e-con-inner\">\n\t\t<div class=\"elementor-element elementor-element-d98af04 e-con-full e-flex e-con e-child\" data-id=\"d98af04\" data-element_type=\"container\" data-e-type=\"container\">\n\t\t\t\t<div class=\"elementor-element elementor-element-5582bc3 elementor-widget elementor-widget-image\" data-id=\"5582bc3\" data-element_type=\"widget\" data-e-type=\"widget\" data-widget_type=\"image.default\">\n\t\t\t\t<div class=\"elementor-widget-container\">\n\t\t\t\t\t\t\t\t\t\t\t\t\t\t\t\t<a href=\"https:\/\/www.milla-design.se\/\" target=\"_blank\" rel=\"noopener\">\n\t\t\t\t\t\t\t<img decoding=\"async\" width=\"258\" height=\"83\" src=\"https:\/\/tapetserarverkstad-sd.se\/wp-content\/uploads\/Logo-MillaDesign.jpg\" class=\"attachment-large size-large wp-image-2414\" alt=\"Milla Design Malm\u00f6\" srcset=\"https:\/\/tapetserarverkstad-sd.se\/wp-content\/uploads\/Logo-MillaDesign.jpg 258w, https:\/\/tapetserarverkstad-sd.se\/wp-content\/uploads\/Logo-MillaDesign-18x6.jpg 18w\" sizes=\"(max-width: 258px) 100vw, 258px\" \/>\t\t\t\t\t\t\t\t<\/a>\n\t\t\t\t\t\t\t\t\t\t\t\t\t\t\t<\/div>\n\t\t\t\t<\/div>\n\t\t\t\t<\/div>\n\t\t<div class=\"elementor-element elementor-element-fe8b5df e-con-full e-flex e-con e-child\" data-id=\"fe8b5df\" data-element_type=\"container\" data-e-type=\"container\">\n\t\t\t\t<div class=\"elementor-element elementor-element-d0b6ab6 elementor-widget elementor-widget-image\" data-id=\"d0b6ab6\" data-element_type=\"widget\" data-e-type=\"widget\" data-widget_type=\"image.default\">\n\t\t\t\t<div class=\"elementor-widget-container\">\n\t\t\t\t\t\t\t\t\t\t\t\t\t\t\t\t<a href=\"https:\/\/schweden-ferienhaus24.de\/\" target=\"_blank\" rel=\"noopener\">\n\t\t\t\t\t\t\t<img fetchpriority=\"high\" decoding=\"async\" width=\"1600\" height=\"246\" src=\"https:\/\/tapetserarverkstad-sd.se\/wp-content\/uploads\/Logo-Ferienhaus.jpg\" class=\"attachment-full size-full wp-image-2415\" alt=\"\" srcset=\"https:\/\/tapetserarverkstad-sd.se\/wp-content\/uploads\/Logo-Ferienhaus.jpg 1600w, https:\/\/tapetserarverkstad-sd.se\/wp-content\/uploads\/Logo-Ferienhaus-300x46.jpg 300w, https:\/\/tapetserarverkstad-sd.se\/wp-content\/uploads\/Logo-Ferienhaus-1024x157.jpg 1024w, https:\/\/tapetserarverkstad-sd.se\/wp-content\/uploads\/Logo-Ferienhaus-768x118.jpg 768w, https:\/\/tapetserarverkstad-sd.se\/wp-content\/uploads\/Logo-Ferienhaus-1536x236.jpg 1536w, https:\/\/tapetserarverkstad-sd.se\/wp-content\/uploads\/Logo-Ferienhaus-18x3.jpg 18w\" sizes=\"(max-width: 1600px) 100vw, 1600px\" \/>\t\t\t\t\t\t\t\t<\/a>\n\t\t\t\t\t\t\t\t\t\t\t\t\t\t\t<\/div>\n\t\t\t\t<\/div>\n\t\t\t\t<\/div>\n\t\t<div class=\"elementor-element elementor-element-2a88761 e-con-full e-flex e-con e-child\" data-id=\"2a88761\" data-element_type=\"container\" data-e-type=\"container\">\n\t\t\t\t<div class=\"elementor-element elementor-element-223ddb0 elementor-widget elementor-widget-image\" data-id=\"223ddb0\" data-element_type=\"widget\" data-e-type=\"widget\" data-widget_type=\"image.default\">\n\t\t\t\t<div class=\"elementor-widget-container\">\n\t\t\t\t\t\t\t\t\t\t\t\t\t\t\t\t<a href=\"https:\/\/www.saum-und-viebahn.de\/\" target=\"_blank\" rel=\"noopener\">\n\t\t\t\t\t\t\t<img decoding=\"async\" width=\"244\" height=\"84\" src=\"https:\/\/tapetserarverkstad-sd.se\/wp-content\/uploads\/SV-Logo.jpg\" class=\"attachment-large size-large wp-image-2416\" alt=\"Stoffe Deutschland, Tyg\" srcset=\"https:\/\/tapetserarverkstad-sd.se\/wp-content\/uploads\/SV-Logo.jpg 244w, https:\/\/tapetserarverkstad-sd.se\/wp-content\/uploads\/SV-Logo-18x6.jpg 18w\" sizes=\"(max-width: 244px) 100vw, 244px\" \/>\t\t\t\t\t\t\t\t<\/a>\n\t\t\t\t\t\t\t\t\t\t\t\t\t\t\t<\/div>\n\t\t\t\t<\/div>\n\t\t\t\t<\/div>\n\t\t<div class=\"elementor-element elementor-element-faba8e5 e-con-full e-flex e-con e-child\" data-id=\"faba8e5\" data-element_type=\"container\" data-e-type=\"container\">\n\t\t\t\t<div class=\"elementor-element elementor-element-f2b1bd2 elementor-widget elementor-widget-image\" data-id=\"f2b1bd2\" data-element_type=\"widget\" data-e-type=\"widget\" data-widget_type=\"image.default\">\n\t\t\t\t<div class=\"elementor-widget-container\">\n\t\t\t\t\t\t\t\t\t\t\t\t\t\t\t\t<a href=\"https:\/\/www.fine.at\/\" target=\"_blank\" rel=\"noopener\">\n\t\t\t\t\t\t\t<img loading=\"lazy\" decoding=\"async\" width=\"300\" height=\"147\" src=\"https:\/\/tapetserarverkstad-sd.se\/wp-content\/uploads\/fine-logo-300x147.jpg\" class=\"attachment-medium size-medium wp-image-2417\" alt=\"typ stoppning\" srcset=\"https:\/\/tapetserarverkstad-sd.se\/wp-content\/uploads\/fine-logo-300x147.jpg 300w, https:\/\/tapetserarverkstad-sd.se\/wp-content\/uploads\/fine-logo-18x9.jpg 18w, https:\/\/tapetserarverkstad-sd.se\/wp-content\/uploads\/fine-logo.jpg 605w\" sizes=\"(max-width: 300px) 100vw, 300px\" \/>\t\t\t\t\t\t\t\t<\/a>\n\t\t\t\t\t\t\t\t\t\t\t\t\t\t\t<\/div>\n\t\t\t\t<\/div>\n\t\t\t\t<\/div>\n\t\t\t\t\t<\/div>\n\t\t\t\t<\/div>\n\t\t<div class=\"elementor-element elementor-element-b9d87ae e-flex e-con-boxed e-con e-parent\" data-id=\"b9d87ae\" data-element_type=\"container\" data-e-type=\"container\" data-settings=\"{&quot;background_background&quot;:&quot;classic&quot;}\">\n\t\t\t\t\t<div class=\"e-con-inner\">\n\t\t<div class=\"elementor-element elementor-element-96f84d2 e-grid e-con-full e-con e-child\" data-id=\"96f84d2\" data-element_type=\"container\" data-e-type=\"container\">\n\t\t\t\t<div class=\"elementor-element elementor-element-b09484d elementor-widget elementor-widget-image\" data-id=\"b09484d\" data-element_type=\"widget\" data-e-type=\"widget\" data-widget_type=\"image.default\">\n\t\t\t\t<div class=\"elementor-widget-container\">\n\t\t\t\t\t\t\t\t\t\t\t\t\t\t\t\t<a href=\"http:\/\/wind.be\" target=\"_blank\" rel=\"noopener\">\n\t\t\t\t\t\t\t<img loading=\"lazy\" decoding=\"async\" width=\"268\" height=\"140\" src=\"https:\/\/tapetserarverkstad-sd.se\/wp-content\/uploads\/wind-logo.jpg\" class=\"attachment-large size-large wp-image-2422\" alt=\"b\u00e5tdynor\" srcset=\"https:\/\/tapetserarverkstad-sd.se\/wp-content\/uploads\/wind-logo.jpg 268w, https:\/\/tapetserarverkstad-sd.se\/wp-content\/uploads\/wind-logo-18x9.jpg 18w\" sizes=\"(max-width: 268px) 100vw, 268px\" \/>\t\t\t\t\t\t\t\t<\/a>\n\t\t\t\t\t\t\t\t\t\t\t\t\t\t\t<\/div>\n\t\t\t\t<\/div>\n\t\t\t\t<div class=\"elementor-element elementor-element-1121c69 elementor-widget elementor-widget-image\" data-id=\"1121c69\" data-element_type=\"widget\" data-e-type=\"widget\" data-widget_type=\"image.default\">\n\t\t\t\t<div class=\"elementor-widget-container\">\n\t\t\t\t\t\t\t\t\t\t\t\t\t\t\t\t<a href=\"https:\/\/www.miroo.at\/\" target=\"_blank\" rel=\"noopener\">\n\t\t\t\t\t\t\t<img loading=\"lazy\" decoding=\"async\" width=\"480\" height=\"127\" src=\"https:\/\/tapetserarverkstad-sd.se\/wp-content\/uploads\/logo_miroo.png\" class=\"attachment-full size-full wp-image-2418\" alt=\"mattor, Teppich\" srcset=\"https:\/\/tapetserarverkstad-sd.se\/wp-content\/uploads\/logo_miroo.png 480w, https:\/\/tapetserarverkstad-sd.se\/wp-content\/uploads\/logo_miroo-300x79.png 300w, https:\/\/tapetserarverkstad-sd.se\/wp-content\/uploads\/logo_miroo-18x5.png 18w\" sizes=\"(max-width: 480px) 100vw, 480px\" \/>\t\t\t\t\t\t\t\t<\/a>\n\t\t\t\t\t\t\t\t\t\t\t\t\t\t\t<\/div>\n\t\t\t\t<\/div>\n\t\t\t\t<\/div>\n\t\t\t\t<div class=\"elementor-element elementor-element-08f4760 elementor-widget elementor-widget-text-editor\" data-id=\"08f4760\" data-element_type=\"widget\" data-e-type=\"widget\" data-widget_type=\"text-editor.default\">\n\t\t\t\t<div class=\"elementor-widget-container\">\n\t\t\t\t\t\t\t\t\t<p>Vi ser fram emot att skapa skr\u00e4ddarsydda l\u00f6sningar f\u00f6r ditt hem, din b\u00e5t eller din husbil i samarbete med v\u00e5ra p\u00e5litliga partners!<\/p>\t\t\t\t\t\t\t\t<\/div>\n\t\t\t\t<\/div>\n\t\t\t\t\t<\/div>\n\t\t\t\t<\/div>\n\t\t<div class=\"elementor-element elementor-element-3508467 e-con-full e-flex e-con e-parent\" data-id=\"3508467\" data-element_type=\"container\" data-e-type=\"container\" data-settings=\"{&quot;background_background&quot;:&quot;classic&quot;}\">\n\t\t<div class=\"elementor-element elementor-element-96062af e-con-full e-flex e-con e-child\" data-id=\"96062af\" data-element_type=\"container\" data-e-type=\"container\" data-settings=\"{&quot;background_background&quot;:&quot;classic&quot;}\">\n\t\t\t\t<div class=\"elementor-element elementor-element-67240f3 elementor-widget elementor-widget-image\" data-id=\"67240f3\" data-element_type=\"widget\" data-e-type=\"widget\" data-widget_type=\"image.default\">\n\t\t\t\t<div class=\"elementor-widget-container\">\n\t\t\t\t\t\t\t\t\t\t\t\t\t\t\t<img loading=\"lazy\" decoding=\"async\" width=\"1823\" height=\"430\" src=\"https:\/\/tapetserarverkstad-sd.se\/wp-content\/uploads\/2024\/09\/Buntes-Garn-breit-1.jpg\" class=\"attachment-full size-full wp-image-937\" alt=\"M\u00f6belrenovering Oskarshamn\" srcset=\"https:\/\/tapetserarverkstad-sd.se\/wp-content\/uploads\/2024\/09\/Buntes-Garn-breit-1.jpg 1823w, https:\/\/tapetserarverkstad-sd.se\/wp-content\/uploads\/2024\/09\/Buntes-Garn-breit-1-300x71.jpg 300w, https:\/\/tapetserarverkstad-sd.se\/wp-content\/uploads\/2024\/09\/Buntes-Garn-breit-1-1024x242.jpg 1024w, https:\/\/tapetserarverkstad-sd.se\/wp-content\/uploads\/2024\/09\/Buntes-Garn-breit-1-768x181.jpg 768w, https:\/\/tapetserarverkstad-sd.se\/wp-content\/uploads\/2024\/09\/Buntes-Garn-breit-1-1536x362.jpg 1536w\" sizes=\"(max-width: 1823px) 100vw, 1823px\" \/>\t\t\t\t\t\t\t\t\t\t\t\t\t\t\t<\/div>\n\t\t\t\t<\/div>\n\t\t\t\t<\/div>\n\t\t\t\t<\/div>\n\t\t\t\t<\/div>","protected":false},"excerpt":{"rendered":"<p>Partner und Lieferanten Unsere Partner und Lieferanten Bei Polsterwerkstatt S&amp;D arbeiten wir eng mit zuverl\u00e4ssigen Partnern und Lieferanten zusammen, um dir die besten Materialien und Produkte f\u00fcr unsere Polsterarbeiten anzubieten. Durch diese enge Zusammenarbeit k\u00f6nnen wir deinen M\u00f6beln, Booten und Wohnmobilen mit hochwertigen L\u00f6sungen neues Leben einhauchen. Wir spezialisieren uns auf M\u00f6belrenovierung, Bootskissen und Polsterarbeiten [&hellip;]<\/p>\n","protected":false},"author":1,"featured_media":676,"parent":0,"menu_order":10,"comment_status":"closed","ping_status":"closed","template":"","meta":{"_monsterinsights_skip_tracking":false,"_monsterinsights_sitenote_active":false,"_monsterinsights_sitenote_note":"","_monsterinsights_sitenote_category":0,"ocean_post_layout":"full-screen","ocean_both_sidebars_style":"","ocean_both_sidebars_content_width":0,"ocean_both_sidebars_sidebars_width":0,"ocean_sidebar":"","ocean_second_sidebar":"","ocean_disable_margins":"enable","ocean_add_body_class":"","ocean_shortcode_before_top_bar":"","ocean_shortcode_after_top_bar":"","ocean_shortcode_before_header":"","ocean_shortcode_after_header":"","ocean_has_shortcode":"","ocean_shortcode_after_title":"","ocean_shortcode_before_footer_widgets":"","ocean_shortcode_after_footer_widgets":"","ocean_shortcode_before_footer_bottom":"","ocean_shortcode_after_footer_bottom":"","ocean_display_top_bar":"off","ocean_display_header":"default","ocean_header_style":"","ocean_center_header_left_menu":"","ocean_custom_header_template":"","ocean_custom_logo":0,"ocean_custom_retina_logo":0,"ocean_custom_logo_max_width":0,"ocean_custom_logo_tablet_max_width":0,"ocean_custom_logo_mobile_max_width":0,"ocean_custom_logo_max_height":0,"ocean_custom_logo_tablet_max_height":0,"ocean_custom_logo_mobile_max_height":0,"ocean_header_custom_menu":"","ocean_menu_typo_font_family":"","ocean_menu_typo_font_subset":"","ocean_menu_typo_font_size":0,"ocean_menu_typo_font_size_tablet":0,"ocean_menu_typo_font_size_mobile":0,"ocean_menu_typo_font_size_unit":"px","ocean_menu_typo_font_weight":"","ocean_menu_typo_font_weight_tablet":"","ocean_menu_typo_font_weight_mobile":"","ocean_menu_typo_transform":"","ocean_menu_typo_transform_tablet":"","ocean_menu_typo_transform_mobile":"","ocean_menu_typo_line_height":0,"ocean_menu_typo_line_height_tablet":0,"ocean_menu_typo_line_height_mobile":0,"ocean_menu_typo_line_height_unit":"","ocean_menu_typo_spacing":0,"ocean_menu_typo_spacing_tablet":0,"ocean_menu_typo_spacing_mobile":0,"ocean_menu_typo_spacing_unit":"","ocean_menu_link_color":"","ocean_menu_link_color_hover":"","ocean_menu_link_color_active":"","ocean_menu_link_background":"","ocean_menu_link_hover_background":"","ocean_menu_link_active_background":"","ocean_menu_social_links_bg":"","ocean_menu_social_hover_links_bg":"","ocean_menu_social_links_color":"","ocean_menu_social_hover_links_color":"","ocean_disable_title":"on","ocean_disable_heading":"default","ocean_post_title":"","ocean_post_subheading":"","ocean_post_title_style":"","ocean_post_title_background_color":"","ocean_post_title_background":0,"ocean_post_title_bg_image_position":"","ocean_post_title_bg_image_attachment":"","ocean_post_title_bg_image_repeat":"","ocean_post_title_bg_image_size":"","ocean_post_title_height":0,"ocean_post_title_bg_overlay":0.5,"ocean_post_title_bg_overlay_color":"","ocean_disable_breadcrumbs":"default","ocean_breadcrumbs_color":"","ocean_breadcrumbs_separator_color":"","ocean_breadcrumbs_links_color":"","ocean_breadcrumbs_links_hover_color":"","ocean_display_footer_widgets":"off","ocean_display_footer_bottom":"off","ocean_custom_footer_template":"","footnotes":""},"class_list":["post-2411","page","type-page","status-publish","has-post-thumbnail","hentry","entry","has-media"],"_links":{"self":[{"href":"https:\/\/tapetserarverkstad-sd.se\/sv\/wp-json\/wp\/v2\/pages\/2411","targetHints":{"allow":["GET"]}}],"collection":[{"href":"https:\/\/tapetserarverkstad-sd.se\/sv\/wp-json\/wp\/v2\/pages"}],"about":[{"href":"https:\/\/tapetserarverkstad-sd.se\/sv\/wp-json\/wp\/v2\/types\/page"}],"author":[{"embeddable":true,"href":"https:\/\/tapetserarverkstad-sd.se\/sv\/wp-json\/wp\/v2\/users\/1"}],"replies":[{"embeddable":true,"href":"https:\/\/tapetserarverkstad-sd.se\/sv\/wp-json\/wp\/v2\/comments?post=2411"}],"version-history":[{"count":40,"href":"https:\/\/tapetserarverkstad-sd.se\/sv\/wp-json\/wp\/v2\/pages\/2411\/revisions"}],"predecessor-version":[{"id":2476,"href":"https:\/\/tapetserarverkstad-sd.se\/sv\/wp-json\/wp\/v2\/pages\/2411\/revisions\/2476"}],"wp:featuredmedia":[{"embeddable":true,"href":"https:\/\/tapetserarverkstad-sd.se\/sv\/wp-json\/wp\/v2\/media\/676"}],"wp:attachment":[{"href":"https:\/\/tapetserarverkstad-sd.se\/sv\/wp-json\/wp\/v2\/media?parent=2411"}],"curies":[{"name":"wp","href":"https:\/\/api.w.org\/{rel}","templated":true}]}}